{"id":95,"date":"2020-03-22T10:50:18","date_gmt":"2020-03-22T10:50:18","guid":{"rendered":"https:\/\/mv-zimmerbach.de\/?page_id=95"},"modified":"2025-05-17T15:38:03","modified_gmt":"2025-05-17T14:38:03","slug":"kapelle","status":"publish","type":"page","link":"https:\/\/mv-zimmerbach.de\/index.php\/kapelle\/","title":{"rendered":"Kapelle"},"content":{"rendered":"\n<p>Unser aktives Blasorchester besteht derzeit aus 55 engagierten Musikerinnen und Musikern, die mit viel Leidenschaft und Freude gemeinsam musizieren. Unter der Leitung unseres Dirigenten Martin Pschorr pr\u00e4sentieren wir ein vielseitiges Repertoire, das sowohl traditionelle als auch anspruchsvolle sinfonischer Blasmusik umfasst. Unser Ziel ist es, die Tradition der Blasmusik in der Region zu pflegen und sowohl regional als auch \u00fcberregional zu repr\u00e4sentieren.<\/p>\n\n\n\n<p>Wir verbinden Generationen durch unsere Musik und bringen Menschen aller Altersgruppen zusammen. 173 Mitglieder unterst\u00fctzen uns durch ihre f\u00f6rdernde Mitgliedschaft. Im Jahr werden rund 40 Proben abgehalten und circa 25 \u00f6ffentliche Auftritte absolviert.<\/p>\n\n\n\n<p>Neben konzertanter und sinfonischer Musikliteratur unterhalten wir auch mit Stimmungs- und moderner Unterhaltungsmusik, um unsere Zuh\u00f6rer zu begeistern. Unser Verein ist regelm\u00e4\u00dfig bei verschiedenen Anl\u00e4ssen aktiv: im zweij\u00e4hrigen Wechsel findet unser Herbstkonzert im Oktober und das Kirchenkonzert zum Advent statt, dazu werden wir im Fr\u00fchjahr zu Konzerten au\u00dferhalb der Gemeinde eingeladen. Wir treten \u00fcber den Sommer bei Stra\u00dfen- und Gartenfesten innerhalb der Gemeinde oder bei befreundeten Musikvereinen auf, dar\u00fcber hinaus nehmen wir auch an Wertungsspielen teil um den eigenen Leistungsstand zu messen (zuletzt 2018 in Stufe 4), umrahmen kirchliche Festlichkeiten oder wirken an zahlreichen Festumz\u00fcgen mit.<\/p>\n\n\n\n<p>Zu unseren traditionellen Vereinsfesten z\u00e4hlen das beliebte Inselfest bei der Leinm\u00fchle, sowie das Platzkonzert am Maibaum oder der Familienabend in der Gemeindehalle. Gemeinsame Ausfl\u00fcge, Vereinswanderungen oder ein Kameradschaftsabend sind fester Bestandteil unseres Jahresprogramms. Unser Engagement spiegelt die Freude an der Musik und die Gemeinschaft innerhalb unseres Vereins wider.<\/p>\n\n\n\n<p>Wir freuen uns immer \u00fcber neue Mitglieder und Besucher \u2013 kommen Sie doch einfach mal vorbei und erleben Sie unsere Musik live!<\/p>\n","protected":false},"excerpt":{"rendered":"<p>Unser aktives Blasorchester besteht derzeit aus 55 engagierten Musikerinnen und Musikern, die mit viel Leidenschaft und Freude gemeinsam musizieren. Unter der Leitung unseres Dirigenten Martin Pschorr pr\u00e4sentieren wir ein vielseitiges Repertoire, das sowohl traditionelle als auch anspruchsvolle sinfonischer Blasmusik umfasst. Unser Ziel ist es, die Tradition der Blasmusik in der Region zu pflegen und sowohl&hellip; <br \/> <a class=\"read-more\" href=\"https:\/\/mv-zimmerbach.de\/index.php\/kapelle\/\">Weiterlesen<\/a><\/p>\n","protected":false},"author":1,"featured_media":0,"parent":0,"menu_order":0,"comment_status":"closed","ping_status":"closed","template":"","meta":{"footnotes":""},"_links":{"self":[{"href":"https:\/\/mv-zimmerbach.de\/index.php\/wp-json\/wp\/v2\/pages\/95"}],"collection":[{"href":"https:\/\/mv-zimmerbach.de\/index.php\/wp-json\/wp\/v2\/pages"}],"about":[{"href":"https:\/\/mv-zimmerbach.de\/index.php\/wp-json\/wp\/v2\/types\/page"}],"author":[{"embeddable":true,"href":"https:\/\/mv-zimmerbach.de\/index.php\/wp-json\/wp\/v2\/users\/1"}],"replies":[{"embeddable":true,"href":"https:\/\/mv-zimmerbach.de\/index.php\/wp-json\/wp\/v2\/comments?post=95"}],"version-history":[{"count":6,"href":"https:\/\/mv-zimmerbach.de\/index.php\/wp-json\/wp\/v2\/pages\/95\/revisions"}],"predecessor-version":[{"id":369,"href":"https:\/\/mv-zimmerbach.de\/index.php\/wp-json\/wp\/v2\/pages\/95\/revisions\/369"}],"wp:attachment":[{"href":"https:\/\/mv-zimmerbach.de\/index.php\/wp-json\/wp\/v2\/media?parent=95"}],"curies":[{"name":"wp","href":"https:\/\/api.w.org\/{rel}","templated":true}]}}