{"id":89,"date":"2020-03-22T10:48:48","date_gmt":"2020-03-22T10:48:48","guid":{"rendered":"https:\/\/mv-zimmerbach.de\/?page_id=89"},"modified":"2020-03-22T10:48:48","modified_gmt":"2020-03-22T10:48:48","slug":"inselfest","status":"publish","type":"page","link":"https:\/\/mv-zimmerbach.de\/index.php\/inselfest\/","title":{"rendered":"Inselfest"},"content":{"rendered":"\n<p>Das Inselfest findet bereits seit \u00fcber 70 Jahren im romantischen Leintal, direkt an der B298 statt.<br>Unter freiem Himmel werden die Festbesucher jedes Jahr zwischen Obstb\u00e4umen kulinarisch und musikalisch verw\u00f6hnt.<br>Die bekannten &#8222;Fladen&#8220; aus dem vereinseigenen mobilen Backh\u00e4usle, sowie Pizza, Inselburger und weitere Speisen locken j\u00e4hrlich viele Zuschauer auf das Inselfest. Zusammen mit Live-Blasmusik verbringen die Zuschauer t\u00e4glich viele Stunden bis in die Nacht auf dem Inselfestgel\u00e4nde.<\/p>\n\n\n\n<p>Wir freuen uns auf Ihren Besuch am Inselfest im Leintal.<\/p>\n","protected":false},"excerpt":{"rendered":"<p>Das Inselfest findet bereits seit \u00fcber 70 Jahren im romantischen Leintal, direkt an der B298 statt.Unter freiem Himmel werden die Festbesucher jedes Jahr zwischen Obstb\u00e4umen kulinarisch und musikalisch verw\u00f6hnt.Die bekannten &#8222;Fladen&#8220; aus dem vereinseigenen mobilen Backh\u00e4usle, sowie Pizza, Inselburger und weitere Speisen locken j\u00e4hrlich viele Zuschauer auf das Inselfest. Zusammen mit Live-Blasmusik verbringen die Zuschauer&hellip; <br \/> <a class=\"read-more\" href=\"https:\/\/mv-zimmerbach.de\/index.php\/inselfest\/\">Weiterlesen<\/a><\/p>\n","protected":false},"author":1,"featured_media":0,"parent":0,"menu_order":0,"comment_status":"closed","ping_status":"closed","template":"","meta":{"footnotes":""},"_links":{"self":[{"href":"https:\/\/mv-zimmerbach.de\/index.php\/wp-json\/wp\/v2\/pages\/89"}],"collection":[{"href":"https:\/\/mv-zimmerbach.de\/index.php\/wp-json\/wp\/v2\/pages"}],"about":[{"href":"https:\/\/mv-zimmerbach.de\/index.php\/wp-json\/wp\/v2\/types\/page"}],"author":[{"embeddable":true,"href":"https:\/\/mv-zimmerbach.de\/index.php\/wp-json\/wp\/v2\/users\/1"}],"replies":[{"embeddable":true,"href":"https:\/\/mv-zimmerbach.de\/index.php\/wp-json\/wp\/v2\/comments?post=89"}],"version-history":[{"count":1,"href":"https:\/\/mv-zimmerbach.de\/index.php\/wp-json\/wp\/v2\/pages\/89\/revisions"}],"predecessor-version":[{"id":90,"href":"https:\/\/mv-zimmerbach.de\/index.php\/wp-json\/wp\/v2\/pages\/89\/revisions\/90"}],"wp:attachment":[{"href":"https:\/\/mv-zimmerbach.de\/index.php\/wp-json\/wp\/v2\/media?parent=89"}],"curies":[{"name":"wp","href":"https:\/\/api.w.org\/{rel}","templated":true}]}}