{"id":83,"date":"2020-03-22T10:46:33","date_gmt":"2020-03-22T10:46:33","guid":{"rendered":"https:\/\/mv-zimmerbach.de\/?page_id=83"},"modified":"2020-03-22T10:46:33","modified_gmt":"2020-03-22T10:46:33","slug":"familienabend","status":"publish","type":"page","link":"https:\/\/mv-zimmerbach.de\/index.php\/familienabend\/","title":{"rendered":"Familienabend"},"content":{"rendered":"\n<p>Der Familienabend er\u00f6ffnet traditionell das Vereinsjahr des Musikvereins.<br>An diesem Abend werden den Zuschauern alle k\u00fcnstlerischen Aspekte des Vereins dargeboten.&nbsp;<br>Er\u00f6ffnet wird der Abend mit einer musikalischen Einlage der Jugendkapelle. Unsere j\u00fcngsten pr\u00e4sentieren den Zuschauern ihr K\u00f6nnen und das Ergebnis der intensiven Probearbeit.<br>Anschlie\u00dfend nimmt die aktive Kapelle des Musikvereins auf der B\u00fchne Platz und verw\u00f6hnt die Vereinsfamilie mit abwechslungsreichen musikalischen Kl\u00e4ngen.<br>Nach einer kleinen Umbaupause, in der die Verlosung der Tombola stattfindet, pr\u00e4sentiert unser Theaterteam einen kleinen Ein-Akter. Die wechselnden Theatergenres finden jedes Jahr gro\u00dfen Anklang beim Publikum.<br>Am Ende des Familienabends werden die Lachmuskeln der Vereinsfamilie nochmal strapaziert. Unser Spektakelteam pr\u00e4sentiert j\u00e4hrlich eine bunte Auswahl an Sketchen.<\/p>\n\n\n\n<p>Auch Ehrungen d\u00fcrfen im Vereinsleben nicht zu kurz kommen. Daher werden am Familienabend vereinsinterne und Verbandsehrungen f\u00fcr verdiente Mitglieder vorgenommen.<\/p>\n\n\n\n<p>Besuchen Sie uns im n\u00e4chsten Jahr in der Gemeindehalle in Durlangen, wenn es hei\u00dft &#8222;Der Musikverein Zimmerbach l\u00e4dt ein zum Familienabend..&#8220;.<\/p>\n","protected":false},"excerpt":{"rendered":"<p>Der Familienabend er\u00f6ffnet traditionell das Vereinsjahr des Musikvereins.An diesem Abend werden den Zuschauern alle k\u00fcnstlerischen Aspekte des Vereins dargeboten.&nbsp;Er\u00f6ffnet wird der Abend mit einer musikalischen Einlage der Jugendkapelle. Unsere j\u00fcngsten pr\u00e4sentieren den Zuschauern ihr K\u00f6nnen und das Ergebnis der intensiven Probearbeit.Anschlie\u00dfend nimmt die aktive Kapelle des Musikvereins auf der B\u00fchne Platz und verw\u00f6hnt die Vereinsfamilie&hellip; <br \/> <a class=\"read-more\" href=\"https:\/\/mv-zimmerbach.de\/index.php\/familienabend\/\">Weiterlesen<\/a><\/p>\n","protected":false},"author":1,"featured_media":0,"parent":0,"menu_order":0,"comment_status":"closed","ping_status":"closed","template":"","meta":{"footnotes":""},"_links":{"self":[{"href":"https:\/\/mv-zimmerbach.de\/index.php\/wp-json\/wp\/v2\/pages\/83"}],"collection":[{"href":"https:\/\/mv-zimmerbach.de\/index.php\/wp-json\/wp\/v2\/pages"}],"about":[{"href":"https:\/\/mv-zimmerbach.de\/index.php\/wp-json\/wp\/v2\/types\/page"}],"author":[{"embeddable":true,"href":"https:\/\/mv-zimmerbach.de\/index.php\/wp-json\/wp\/v2\/users\/1"}],"replies":[{"embeddable":true,"href":"https:\/\/mv-zimmerbach.de\/index.php\/wp-json\/wp\/v2\/comments?post=83"}],"version-history":[{"count":1,"href":"https:\/\/mv-zimmerbach.de\/index.php\/wp-json\/wp\/v2\/pages\/83\/revisions"}],"predecessor-version":[{"id":84,"href":"https:\/\/mv-zimmerbach.de\/index.php\/wp-json\/wp\/v2\/pages\/83\/revisions\/84"}],"wp:attachment":[{"href":"https:\/\/mv-zimmerbach.de\/index.php\/wp-json\/wp\/v2\/media?parent=83"}],"curies":[{"name":"wp","href":"https:\/\/api.w.org\/{rel}","templated":true}]}}