{"id":77,"date":"2020-03-22T10:43:51","date_gmt":"2020-03-22T10:43:51","guid":{"rendered":"https:\/\/mv-zimmerbach.de\/?page_id=77"},"modified":"2022-07-17T08:38:56","modified_gmt":"2022-07-17T07:38:56","slug":"konzerte","status":"publish","type":"page","link":"https:\/\/mv-zimmerbach.de\/index.php\/konzerte\/","title":{"rendered":"Konzerte"},"content":{"rendered":"\n<p>Neben den regelm\u00e4\u00dfigen Auftritten an Gartenfesten oder am Familienabend steht jedes Jahr auch mindestens ein konzertanter Abend auf dem Programm des Musikvereins.<\/p>\n\n\n\n<h4 class=\"wp-block-heading\">Herbstkonzert<\/h4>\n\n\n\n<p>Das Herbstkonzert findet alle zwei Jahre in der Gemeindehalle in Durlangen statt. Gemeinsam mit einer Gastkapelle werden den Zuschauern bekannte und hochklassige Konzertst\u00fccke pr\u00e4sentiert. Nach dem Konzert besteht die M\u00f6glichkeit an der Weinlaube noch ein Glas Wein zu trinken und den Abend Revue passieren zu lassen.<\/p>\n\n\n\n<h4 class=\"wp-block-heading\">Kirchenkonzert<\/h4>\n\n\n\n<p>Abwechselnd mit dem Herbstkonzert findet am ersten Advent das Kirchenkonzert in der Zimmerbacher Pfarrkirche St. Cyriakus statt. Gemeinsam mit dem Kirchenchor und dem Organisten Harald Ocker pr\u00e4sentiert der Musikverein weihnachtliche und besinnliche St\u00fccke um die Zuschauer auf die anstehende Adventszeit einzustimmen.<\/p>\n","protected":false},"excerpt":{"rendered":"<p>Neben den regelm\u00e4\u00dfigen Auftritten an Gartenfesten oder am Familienabend steht jedes Jahr auch mindestens ein konzertanter Abend auf dem Programm des Musikvereins. Herbstkonzert Das Herbstkonzert findet alle zwei Jahre in der Gemeindehalle in Durlangen statt. Gemeinsam mit einer Gastkapelle werden den Zuschauern bekannte und hochklassige Konzertst\u00fccke pr\u00e4sentiert. Nach dem Konzert besteht die M\u00f6glichkeit an der&hellip; <br \/> <a class=\"read-more\" href=\"https:\/\/mv-zimmerbach.de\/index.php\/konzerte\/\">Weiterlesen<\/a><\/p>\n","protected":false},"author":1,"featured_media":0,"parent":0,"menu_order":0,"comment_status":"closed","ping_status":"closed","template":"","meta":{"footnotes":""},"_links":{"self":[{"href":"https:\/\/mv-zimmerbach.de\/index.php\/wp-json\/wp\/v2\/pages\/77"}],"collection":[{"href":"https:\/\/mv-zimmerbach.de\/index.php\/wp-json\/wp\/v2\/pages"}],"about":[{"href":"https:\/\/mv-zimmerbach.de\/index.php\/wp-json\/wp\/v2\/types\/page"}],"author":[{"embeddable":true,"href":"https:\/\/mv-zimmerbach.de\/index.php\/wp-json\/wp\/v2\/users\/1"}],"replies":[{"embeddable":true,"href":"https:\/\/mv-zimmerbach.de\/index.php\/wp-json\/wp\/v2\/comments?post=77"}],"version-history":[{"count":3,"href":"https:\/\/mv-zimmerbach.de\/index.php\/wp-json\/wp\/v2\/pages\/77\/revisions"}],"predecessor-version":[{"id":236,"href":"https:\/\/mv-zimmerbach.de\/index.php\/wp-json\/wp\/v2\/pages\/77\/revisions\/236"}],"wp:attachment":[{"href":"https:\/\/mv-zimmerbach.de\/index.php\/wp-json\/wp\/v2\/media?parent=77"}],"curies":[{"name":"wp","href":"https:\/\/api.w.org\/{rel}","templated":true}]}}