{"id":25,"date":"2020-03-22T10:12:04","date_gmt":"2020-03-22T10:12:04","guid":{"rendered":"https:\/\/mv-zimmerbach.de\/index.php\/mesmerize\/"},"modified":"2026-03-28T13:46:43","modified_gmt":"2026-03-28T12:46:43","slug":"mesmerize","status":"publish","type":"page","link":"https:\/\/mv-zimmerbach.de\/","title":{"rendered":"Front Page"},"content":{"rendered":"<div  id=\"overlappable-4\" style=\"background-color: #ffffff;\" data-label=\"Overlappable\" data-id=\"overlappable-4\" data-export-id=\"overlappable-4\" data-category=\"overlappable\" class=\"overlappable-4 content-section content-section-spacing\" data-overlap=\"true\"><div  class=\"gridContainer\"> <div  data-type=\"row\" class=\"row spaced-cols text-center\"> <div  class=\"col-xs-12 col-sm-4 col-padding\"> <a data-cp-link=\"1\" href=\"https:\/\/mv-zimmerbach.de\/index.php\/kapelle\" target=\"_self\" rel=\"noopener noreferrer\"><i  class=\"fa icon shadow-large-black aligncenter color1 fa-music reverse round large\"><\/i><\/a> <div  data-type=\"column\" class=\"\"><h5  class=\"\">Die Kapelle<\/h5> <p  class=\"\">Dirigent, Register, Probenarbeit und vieles mehr. Informationen rund um die Kapelle finden Sie hier.<\/p><\/div> <\/div> <div  class=\"col-xs-12 col-sm-4 col-padding\"> <a data-cp-link=\"1\" href=\"https:\/\/mv-zimmerbach.de\/index.php\/termine\" target=\"_self\" rel=\"noopener noreferrer\"><i  class=\"fa icon shadow-large-black aligncenter color1 fa-calendar reverse round large\"><\/i><\/a> <div  data-type=\"column\" class=\"\"><h5  class=\"\">Termine<\/h5> <p  class=\"\">Sie wollen den MV-Zimmerbach bei einem Auftritt erleben? Wir freuen uns auf Ihren Besuch. <\/p><\/div> <\/div><div  class=\"col-xs-12 col-sm-4 col-padding\"> <a data-cp-link=\"1\" href=\"https:\/\/mv-zimmerbach.de\/index.php\/historie\" target=\"_self\" rel=\"noopener noreferrer\"><i  class=\"fa icon shadow-large-black aligncenter color1 fa-history reverse round large\"><\/i><\/a> <div  data-type=\"column\" class=\"\"><h5  class=\"\">Historie<\/h5> <p  class=\"\">Seit der Gr\u00fcndung im Jahr 1926 ist viel geschehen. Erfahren Sie hier mehr \u00fcber unsere bewegte Vereinsgeschichte.<\/p><\/div> <\/div><\/div> <\/div><\/div><div  data-label=\"Herbstkonzert\" data-id=\"about--2\" data-export-id=\"about-10\" data-category=\"about\" class=\"about-10 content-section content-section-spacing\" id=\"herbstkonzert\" style=\"background-color: rgb(255, 255, 255);\"><div  class=\"gridContainer\"> <div  class=\"row middle-sm text-center\"><div  class=\"col-sm-5 space-bottom-xs content-column\" data-type=\"column\"> <h5  class=\"\">28.04.2026<\/h5> <h2  class=\"\">Einladung zum gro\u00dfen Jubil\u00e4umskonzert<\/h2> <p  class=\"\">Gemeinsam mit dem Gesang- und Musikverein Concordia Durlangen, gestalten wir ein gro\u00dfes Jubil\u00e4umskonzert als Auftakt in unser Jubil\u00e4umsjahr<\/p> <\/div> <div  class=\"col-sm-7 flexbox middle-xs center-xs space-bottom-xs\"><div  class=\"overlay-box middle-xs center-xs flexbox\"> <div  class=\"overlay-box-offset offset-border shadow-medium border-color1 hide-xs\"><\/div> <a href=\"https:\/\/mv-zimmerbach.de\/wp-content\/uploads\/2026\/03\/cropped-Jubilaeumskonzert.png\" data-cp-link=\"1\" target=\"_blank\" rel=\"noopener\" data-slb-active=\"1\" data-slb-asset=\"1235743796\" data-slb-internal=\"0\" data-slb-group=\"25\" class=\"\"><img  decoding=\"async\" class=\"shadow-large\" data-size=\"485x705\" src=\"https:\/\/mv-zimmerbach.de\/wp-content\/uploads\/2026\/03\/cropped-Jubilaeumskonzert.png\" title=\"cropped-Inselfest-6.jpg\" alt=\"\"><\/a><\/div> <\/div><\/div> <\/div><\/div><div  data-label=\"Jubilaeum\" data-id=\"about--3\" data-export-id=\"about-9\" data-category=\"about\" class=\"about-9 content-section content-section-spacing\" id=\"jubilaeum\" style=\"background-color: rgb(255, 255, 255);\"><div  class=\"gridContainer\"> <div  class=\"row middle-sm text-center\"><div  class=\"col-sm-5 space-bottom-xs content-column content-left-sm\" data-type=\"column\"> <h5  class=\"\">1 Gemeinde | 2 Vereine | 3 Tage Fest<\/h5> <h2  class=\"\">Jubil\u00e4umsjahr 2026<\/h2> <p  class=\"\">Das Jahr 2026 steht im Zeichen unseres 100 j\u00e4hrigen Vereinsjubil\u00e4ums. Gemeinsam mit der Cocordia Durlangen (125 Jahre) gestalten wir ein Jubil\u00e4umskonzert und feiern im Juni 3 Tage gemeinsam. Mehr Informationen finden Sie auf unserer Jubil\u00e4umshomepage<\/p> <a class=\"button color1\" href=\"https:\/\/jubilaeum2026.de\" target=\"_blank\" data-cp-link=\"1\" rel=\"noopener\">Zur Jubil\u00e4umhomepage<\/a><\/div> <div  class=\"col-sm-7 flexbox flexbox middle-xs center-xs space-bottom-xs\"><div  class=\"overlay-box flexbox middle-xs center-xs overlay-holder \"> <div  class=\"overlay-box-offset offset-background shadow-medium bg-color2 hide-xs\"><\/div> <a data-cp-link=\"1\" href=\"https:\/\/jubilaeum2026.de\" target=\"_blank\" rel=\"noopener\" class=\"\"><img decoding=\"async\"  class=\"flexbox shadow-large img1\" src=\"https:\/\/mv-zimmerbach.de\/wp-content\/uploads\/2025\/12\/cropped-FinalesLogo_Musikverein_Jubilaeum_2026.jpg\" data-size=\"600x400\" title=\"cropped-FinalesLogo_Musikverein_Jubilaeum_2026.jpg\" alt=\"\"><\/a><\/div> <\/div><\/div> <\/div><\/div><div  id=\"features-3\" style=\"background-color: rgb(255, 255, 255); background-image: none;\" data-label=\"Features\" data-id=\"features-12-card-bordered\" data-export-id=\"features-12-card-bordered\" data-category=\"features\" class=\"features-12-card-bordered content-section content-section-spacing \"><div  class=\"gridContainer\"> <div  class=\"row text-center\"><div  class=\"section-title-col\" data-type=\"column\"> <h2  class=\"\">Unser Verein<\/h2> <p  class=\"lead\">Hier finden Sie Informationen \u00fcber die Vereinsorgane und -t\u00e4tigkeiten.<\/p><\/div> <\/div> <div  class=\"row spaced-cols\" data-type=\"row\"> <div  class=\"col-sm-6\"> <div  class=\"card row-card bordered y-move\"> <div  class=\"row\"> <div  class=\"col-sm-fit icon-column\"> <a data-cp-link=\"1\" href=\"https:\/\/mv-zimmerbach.de\/index.php\/kapelle\" target=\"_self\" rel=\"noopener noreferrer\"><i  class=\"fa icon color2 fa-music bordered round\"><\/i><\/a> <\/div> <div  class=\"col-sm\" data-type=\"column\"> <h5  class=\"color2\">Aktive Kapelle &amp; Probenarbeit<\/h5> <p  class=\"\">Informationen \u00fcber die Musiker, die Probenarbeit und vieles mehr\u2026<\/p><\/div> <\/div><\/div> <\/div> <div  class=\"col-sm-6\"> <div  class=\"card row-card bordered y-move\"> <div  class=\"row\"> <div  class=\"col-sm-fit icon-column\"> <a data-cp-link=\"1\" href=\"https:\/\/mv-zimmerbach.de\/index.php\/jugend\" target=\"_self\" rel=\"noopener noreferrer\"><i  class=\"fa icon color2 fa-map-pin bordered round\"><\/i><\/a> <\/div> <div  class=\"col-sm\" data-type=\"column\"> <h5  class=\"color2\">Jugend<\/h5> <p  class=\"\">Die Zukunft des Verins liegt in der Jungend. Erfahren Sie mehr \u00fcber Aktivit\u00e4ten, Probenarbeit und vieles mehr..<\/p><\/div> <\/div><\/div> <\/div> <div  class=\"col-sm-6\"> <div  class=\"card row-card bordered y-move\"> <div  class=\"row\"> <div  class=\"col-sm-fit icon-column\"> <a data-cp-link=\"1\" href=\"https:\/\/mv-zimmerbach.de\/index.php\/vorstandschaft\" target=\"_self\" rel=\"noopener noreferrer\"><i  class=\"fa icon color2 fa-cubes bordered round\"><\/i><\/a> <\/div> <div  class=\"col-sm\" data-type=\"column\"> <h5  class=\"color2\">Vorstandschaft<\/h5> <p  class=\"\">Die Organisation des Vereinslebens ist die zentrale Aufgabe unserer Vorstandschaft.<\/p><\/div> <\/div><\/div> <\/div> <div  class=\"col-sm-6\"> <div  class=\"card row-card bordered y-move\"> <div  class=\"row\"> <div  class=\"col-sm-fit icon-column\"> <a data-cp-link=\"1\" href=\"https:\/\/mv-zimmerbach.de\/index.php\/termine\" target=\"_self\" rel=\"noopener noreferrer\"><i  class=\"fa icon color2 fa-calendar bordered round\"><\/i><\/a> <\/div> <div  class=\"col-sm\" data-type=\"column\"> <h5  class=\"color2\">Termine<\/h5> <p  class=\"\">Auftritte und kameradschaftlichte Termine des Musikvereins. Hier finden Sie mehr zu unseren Aktivit\u00e4ten \u00fcber das Jahr.<\/p><\/div> <\/div><\/div> <\/div><\/div> <\/div><\/div><div  id=\"testimonialsw\" style=\"background-color: #ffffff;\" data-label=\"Testimonialsw\" data-id=\"testimonials-5\" data-export-id=\"testimonials-5\" data-category=\"testimonials\" class=\"testimonials-5 content-section content-section-spacing\"><div  class=\"gridContainer\"> <div  class=\"row\"><div  data-type=\"column\" class=\"section-title-col\"> <h2  class=\"\">Bekannte Termine<\/h2> <p  class=\"lead\">Unser Verein soll Menschen verbinden. Neben der Musik geh\u00f6ren hierzu feste Termie im Jahreskalender. Erfahren Sie hier mehr \u00fcber unsere j\u00e4hrichen Highlights.<\/p><\/div> <\/div> <div  class=\"row spaced-cols content-center-sm\" data-type=\"row\"> <div  class=\"col-sm-4\"> <div  class=\"card y-move bordered\" data-type=\"column\">  <p  class=\"text-center\">Die Vereinsfamilie bildet die Grundlage f\u00fcr eine erfolgreiche Vereinsarbeit. Daher startet unser Vereinsjahr j\u00e4hrlich mit unserem Familienabend&nbsp;\n<br ><br >\n<\/p> <a data-cp-link=\"1\" href=\"https:\/\/mv-zimmerbach.de\/index.php\/familienabend\" class=\"\" target=\"_self\" rel=\"noopener noreferrer\"><img  decoding=\"async\" src=\"https:\/\/mv-zimmerbach.de\/wp-content\/uploads\/2020\/03\/cropped-00c7e47b848aa68e937064a4420912fd41492a96fd.jpg\" class=\"round icon\" alt=\"\" title=\"cropped-00c7e47b848aa68e937064a4420912fd41492a96fd.jpg\"><\/a> <h6  class=\"\">Familienabend<\/h6> <\/div> <\/div> <div  class=\"col-sm-4\"> <div  class=\"card y-move bordered\" data-type=\"column\">  <p  class=\"text-center\">Auf mehr als 70 Jahre Inselfest k\u00f6nnen wir zur\u00fcckblicken. Hier finden Sie Informationen zu unserem beliebten j\u00e4hrlichen Gartenfest.&nbsp;\n\n<br ><br >\n<\/p> <a data-cp-link=\"1\" href=\"https:\/\/mv-zimmerbach.de\/index.php\/inselfest\" class=\"\" target=\"_self\" rel=\"noopener noreferrer\"><img  decoding=\"async\" src=\"https:\/\/mv-zimmerbach.de\/wp-content\/uploads\/2020\/03\/cropped-e1cb4cb7-84bd-4cc1-b104-b24c2701a91a.jpeg\" class=\"round icon\" alt=\"\" title=\"cropped-e1cb4cb7-84bd-4cc1-b104-b24c2701a91a.jpeg\"><\/a> <h6  class=\"\">Inselfest<\/h6> <\/div> <\/div> <div  class=\"col-sm-4\"> <div  class=\"card y-move bordered\" data-type=\"column\">  <p  class=\"text-center\">Ob Kirchenkonzert oder Konzert mit einer Gastkapelle. Beim Musikverein Zimmerbach gibt es beides. Erfahren Sie mehr \u00fcber die musikalischen Highlights im Jahr.\n<\/p> <a data-cp-link=\"1\" href=\"https:\/\/mv-zimmerbach.de\/index.php\/konzerte\" class=\"\" target=\"_self\" rel=\"noopener noreferrer\"><img  decoding=\"async\" src=\"https:\/\/mv-zimmerbach.de\/wp-content\/uploads\/2020\/03\/cropped-DSC03296.jpg\" class=\"round icon\" alt=\"\" title=\"cropped-DSC03296.jpg\"><\/a> <h6  class=\"\">Konzerte<\/h6> <\/div> <\/div><\/div> <\/div><\/div><div  data-label=\"Counters\" data-id=\"counters--1\" data-export-id=\"counters-2\" data-category=\"counters\" class=\"counters-2 content-section content-section-spacing\" id=\"counters-1\" style=\"background-color: rgb(245, 250, 253);\"><div  class=\"gridContainer\"> <div  class=\"row text-center\"><div  class=\"section-title-col\" data-type=\"column\"> <h2  class=\"\">Zahlen, Daten, Fakten<\/h2> <p  class=\"lead\">Der Verein in Zahlen\u2026<\/p><\/div> <\/div> <div  class=\"row\" data-type=\"row\"> <div  class=\"col-xs-12 col-sm-4 text-center space-bottom\"> <i  class=\"fa icon color1 fa-group\"><\/i> <h3  class=\"font-400\" data-min=\"0\" data-max=\"260\" data-duration=\"2000\" data-prefix=\"+\" data-suffix=\" \" data-countup=\"true\" style=\"display: inline-block;\"><\/h3> <h5  class=\"upper color2\">Mitglieder<\/h5><\/div> <div  class=\"col-xs-12 col-sm-4 text-center space-bottom\"><i  class=\"fa icon color1 fa-music\"><\/i> <h3  class=\"font-400\" data-min=\"0\" data-max=\"65\" data-duration=\"2000\" data-prefix=\"\" data-suffix=\" \" data-countup=\"true\" style=\"display: inline-block;\"><\/h3> <h5  class=\"upper color2\">Aktive Musiker<\/h5><\/div> <div  class=\"col-xs-12 col-sm-4 text-center space-bottom\"><i  class=\"fa icon color1 fa-history\"><\/i> <h3  class=\"font-400\" data-min=\"0\" data-max=\"98\" data-duration=\"2000\" data-prefix=\"\" data-suffix=\" \" data-countup=\"true\" style=\"display: inline-block;\"><\/h3> <h5  class=\"upper color2\">Vereinsgeschichte in Jahren<\/h5><\/div> <\/div><\/div> <\/div><div  id=\"contact-1\" data-label=\"Contact\" data-id=\"contact-1\" data-export-id=\"contact-1\" data-category=\"contact\" class=\"contact-1 content-section content-section-spacing white-text\" data-parallax-depth=\"20\" style=\"background-image: url(&quot;https:\/\/mv-zimmerbach.de\/wp-content\/uploads\/2020\/03\/backgroundnoten_2.jpg&quot;); background-size: cover; background-position: center top;\"><div  class=\"gridContainer\"> <div  class=\"row text-center\"><div  class=\"section-title-col\" data-type=\"column\"> <h2  class=\"\">Nehmen Sie mit uns Kontakt auf<\/h2> <p  class=\"lead\">Sie haben Fragen oder Anregungen zu unserem Vereinsleben? Z\u00f6gern Sie nicht mit uns in Kontakt zu treten.<\/p><\/div> <\/div> <div  class=\"row text-center\"> <div  class=\"col-xs-12 col-sm-8 col-sm-offset-2 contact-form-wrapper inline-info\"> <div  class=\"card large-padding\"> <div  class=\"\" data-content-shortcode=\"mesmerize_contact_form shortcode=&quot;contact-form-7 id=&amp;amp;quot;175&amp;amp;quot; title=&amp;amp;quot;Kontaktformular 1&amp;amp;quot;&quot;\" data-editable=\"true\">\n<div class=\"wpcf7 no-js\" id=\"wpcf7-f175-o1\" lang=\"de-DE\" dir=\"ltr\">\n<div class=\"screen-reader-response\"><p role=\"status\" aria-live=\"polite\" aria-atomic=\"true\"><\/p> <ul><\/ul><\/div>\n<form action=\"\/index.php\/wp-json\/wp\/v2\/pages\/25#wpcf7-f175-o1\" method=\"post\" class=\"wpcf7-form init\" aria-label=\"Kontaktformular\" novalidate=\"novalidate\" data-status=\"init\">\n<div style=\"display: none;\">\n<input type=\"hidden\" name=\"_wpcf7\" value=\"175\" \/>\n<input type=\"hidden\" name=\"_wpcf7_version\" value=\"5.8.5\" \/>\n<input type=\"hidden\" name=\"_wpcf7_locale\" value=\"de_DE\" \/>\n<input type=\"hidden\" name=\"_wpcf7_unit_tag\" value=\"wpcf7-f175-o1\" \/>\n<input type=\"hidden\" name=\"_wpcf7_container_post\" value=\"0\" \/>\n<input type=\"hidden\" name=\"_wpcf7_posted_data_hash\" value=\"\" \/>\n<input type=\"hidden\" name=\"_wpcf7_recaptcha_response\" value=\"\" \/>\n<\/div>\n<p><label> Ihr Name<br \/>\n<span class=\"wpcf7-form-control-wrap\" data-name=\"your-name\"><input size=\"40\" class=\"wpcf7-form-control wpcf7-text wpcf7-validates-as-required required\" aria-required=\"true\" aria-invalid=\"false\" value=\"\" type=\"text\" name=\"your-name\" \/><\/span> <\/label>\n<\/p>\n<p><label> Ihre E-Mail-Adresse<br \/>\n<span class=\"wpcf7-form-control-wrap\" data-name=\"your-email\"><input size=\"40\" class=\"wpcf7-form-control wpcf7-email wpcf7-validates-as-required wpcf7-text wpcf7-validates-as-email required\" aria-required=\"true\" aria-invalid=\"false\" value=\"\" type=\"email\" name=\"your-email\" \/><\/span> <\/label>\n<\/p>\n<p><label> Betreff<br \/>\n<span class=\"wpcf7-form-control-wrap\" data-name=\"your-subject\"><input size=\"40\" class=\"wpcf7-form-control wpcf7-text wpcf7-validates-as-required required\" aria-required=\"true\" aria-invalid=\"false\" value=\"\" type=\"text\" name=\"your-subject\" \/><\/span> <\/label>\n<\/p>\n<p><label> Ihre Nachricht an uns<br \/>\n<span class=\"wpcf7-form-control-wrap\" data-name=\"your-message\"><textarea cols=\"40\" rows=\"10\" class=\"wpcf7-form-control wpcf7-textarea required\" aria-invalid=\"false\" name=\"your-message\"><\/textarea><\/span> <\/label>\n<\/p>\n<p><input class=\"wpcf7-form-control wpcf7-submit has-spinner\" type=\"submit\" value=\"Senden\" \/>\n<\/p><div class=\"wpcf7-response-output\" aria-hidden=\"true\"><\/div>\n<\/form>\n<\/div>\n<\/div><\/div> <\/div><\/div> <\/div><\/div><div  data-label=\"Features\" data-id=\"features--1\" data-export-id=\"features-16\" data-category=\"features\" class=\"features-16 content-section content-section-spacing\" id=\"features-4\" style=\"background-color: rgb(245, 250, 253);\"><div  class=\"gridContainer\"> <div  class=\"row text-center\"><div  class=\"section-title-col\" data-type=\"column\"><h1  class=\"\"><!-- print_continuous_slider_plus_lightbox_func -->              \n    \n                           \n    <!-- end print_continuous_slider_plus_lightbox_func --><\/h1>  <\/div> <\/div> <div  class=\"row spaced-cols\" data-type=\"row\">  <div  class=\"col-xs-12 col-sm-6 col-md-4 space-bottom\">  <div  data-type=\"column\" class=\"col-padding-small col-padding-small-xs description-container\"><a data-cp-link=\"1\" href=\"https:\/\/www.instagram.com\/mv_zimmerbach\" class=\"\" target=\"_self\" rel=\"noopener\"><img  decoding=\"async\" class=\"custom-image\" src=\"https:\/\/mv-zimmerbach.de\/wp-content\/uploads\/2025\/07\/MVZ_Instagram.jpg\"><\/a>   <\/div> <\/div> <\/div> <\/div><\/div>","protected":false},"excerpt":{"rendered":"<p>Die Kapelle Dirigent, Register, Probenarbeit und vieles mehr. Informationen rund um die Kapelle finden Sie hier. Termine Sie wollen den MV-Zimmerbach bei einem Auftritt erleben? Wir freuen uns auf Ihren Besuch. Historie Seit der Gr\u00fcndung im Jahr 1926 ist viel geschehen. Erfahren Sie hier mehr \u00fcber unsere bewegte Vereinsgeschichte. 28.04.2026 Einladung zum gro\u00dfen Jubil\u00e4umskonzert Gemeinsam&hellip; <br \/> <a class=\"read-more\" href=\"https:\/\/mv-zimmerbach.de\/\">Weiterlesen<\/a><\/p>\n","protected":false},"author":1,"featured_media":0,"parent":0,"menu_order":0,"comment_status":"closed","ping_status":"closed","template":"page-templates\/homepage.php","meta":{"footnotes":""},"_links":{"self":[{"href":"https:\/\/mv-zimmerbach.de\/index.php\/wp-json\/wp\/v2\/pages\/25"}],"collection":[{"href":"https:\/\/mv-zimmerbach.de\/index.php\/wp-json\/wp\/v2\/pages"}],"about":[{"href":"https:\/\/mv-zimmerbach.de\/index.php\/wp-json\/wp\/v2\/types\/page"}],"author":[{"embeddable":true,"href":"https:\/\/mv-zimmerbach.de\/index.php\/wp-json\/wp\/v2\/users\/1"}],"replies":[{"embeddable":true,"href":"https:\/\/mv-zimmerbach.de\/index.php\/wp-json\/wp\/v2\/comments?post=25"}],"version-history":[{"count":42,"href":"https:\/\/mv-zimmerbach.de\/index.php\/wp-json\/wp\/v2\/pages\/25\/revisions"}],"predecessor-version":[{"id":437,"href":"https:\/\/mv-zimmerbach.de\/index.php\/wp-json\/wp\/v2\/pages\/25\/revisions\/437"}],"wp:attachment":[{"href":"https:\/\/mv-zimmerbach.de\/index.php\/wp-json\/wp\/v2\/media?parent=25"}],"curies":[{"name":"wp","href":"https:\/\/api.w.org\/{rel}","templated":true}]}}